{"id":1399,"date":"2024-12-17T06:40:05","date_gmt":"2024-12-17T06:40:05","guid":{"rendered":"https:\/\/mesoddista.com\/?page_id=1399"},"modified":"2024-12-17T06:40:05","modified_gmt":"2024-12-17T06:40:05","slug":"clause-de-non-responsabilite","status":"publish","type":"page","link":"https:\/\/mesoddista.com\/?page_id=1399","title":{"rendered":"Clause de non-responsabilit\u00e9"},"content":{"rendered":"<div class=\"container\">\n<div class=\"wrapper\">\n<p>Tous les \u00e9l\u00e9ments figurant sur le site sont fournis \u00e0 titre d&rsquo;information uniquement. Les informations fournies sur ce site ne constituent pas un conseil en investissement, un conseil financier, un conseil en n\u00e9gociation ou tout autre conseil, et vous ne devez pas consid\u00e9rer le contenu du site comme tel. Nous vous recommandons de mener votre propre \u00e9tude de march\u00e9. Les visiteurs du site sont seuls responsables des cons\u00e9quences des d\u00e9cisions qu&rsquo;ils prennent apr\u00e8s avoir lu les informations fournies sur ce site.<\/p>\n<\/p><\/div>\n<\/div>\n","protected":false},"excerpt":{"rendered":"<p>Tous les \u00e9l\u00e9ments figurant sur le site sont fournis \u00e0 titre d&rsquo;information uniquement. Les informations fournies sur ce site ne constituent pas un conseil en investissement, un conseil financier, un&hellip;<\/p>\n","protected":false},"author":1,"featured_media":0,"parent":0,"menu_order":0,"comment_status":"closed","ping_status":"closed","template":"","meta":{"footnotes":""},"class_list":["post-1399","page","type-page","status-publish","hentry"],"_links":{"self":[{"href":"https:\/\/mesoddista.com\/index.php?rest_route=\/wp\/v2\/pages\/1399","targetHints":{"allow":["GET"]}}],"collection":[{"href":"https:\/\/mesoddista.com\/index.php?rest_route=\/wp\/v2\/pages"}],"about":[{"href":"https:\/\/mesoddista.com\/index.php?rest_route=\/wp\/v2\/types\/page"}],"author":[{"embeddable":true,"href":"https:\/\/mesoddista.com\/index.php?rest_route=\/wp\/v2\/users\/1"}],"replies":[{"embeddable":true,"href":"https:\/\/mesoddista.com\/index.php?rest_route=%2Fwp%2Fv2%2Fcomments&post=1399"}],"version-history":[{"count":1,"href":"https:\/\/mesoddista.com\/index.php?rest_route=\/wp\/v2\/pages\/1399\/revisions"}],"predecessor-version":[{"id":1400,"href":"https:\/\/mesoddista.com\/index.php?rest_route=\/wp\/v2\/pages\/1399\/revisions\/1400"}],"wp:attachment":[{"href":"https:\/\/mesoddista.com\/index.php?rest_route=%2Fwp%2Fv2%2Fmedia&parent=1399"}],"curies":[{"name":"wp","href":"https:\/\/api.w.org\/{rel}","templated":true}]}}